{"id":85051,"date":"2026-05-14T15:05:21","date_gmt":"2026-05-14T15:05:21","guid":{"rendered":"https:\/\/buenaventura.art\/?post_type=product&#038;p=85051"},"modified":"2026-05-14T18:17:58","modified_gmt":"2026-05-14T18:17:58","slug":"garzas","status":"publish","type":"product","link":"https:\/\/buenaventura.art\/en\/product\/garzas\/","title":{"rendered":"Garzas"},"content":{"rendered":"<p>&#8220;Garzas&#8221;<\/p>\n<p>D\u00edptico Pintado a mano con t\u00e9cnica mixta (acr\u00edlicos, tintadas y pigmentos minerales) sobre tela 100% algod\u00f3n. Se trata de una tela de algod\u00f3n de gran calidad\u00a0 y con una imprimaci\u00f3n metalizada para conseguir una t\u00e9cnica de &#8220;lavado&#8221; con aguadas y transparencias y reflejos, tan car\u00e1cter\u00edsticos de nuestro estilo.<\/p>\n<p>Nuestro estilo no pretende reflejar con exactitud la naturaleza, sino que sea nuestra interpretaci\u00f3n personal, que haga de cada una de ellas algo \u00fanico y diferente. Cada pieza se entrega estampillada \/ firmada con el sello de BuenaVentura y fecha de realizaci\u00f3n.<\/p>\n<p>Tela montada y tensada en bastidor de pino previamente entelado con lienzo grueso de algod\u00f3n 100%.<\/p>\n<p>Medidas: 130&#215;230 cms. C\/U. Medidas totales 260&#215;230 cms.<\/p>\n<p>Realizada en el taller de BuenaVentura &#8211; Madrid- Espa\u00f1a. Recomendado por <a href=\"https:\/\/www.homofaber.com\/en\/artisans\/beln-huidobro--juan-aresti-wallpaper-making-spain\" rel=\"nofollow noopener\" target=\"_blank\">HOMO FABER GUIDE<\/a><\/p>\n<p>&nbsp;<\/p>","protected":false},"excerpt":{"rendered":"<p>D\u00edptico Pintado a mano con t\u00e9cnica mixta (acr\u00edlicos, tintadas y pigmentos minerales) sobre tela 100% algod\u00f3n.Se trata de una tela de algod\u00f3n de gran calidad\u00a0 y con una imprimaci\u00f3n metalizada para conseguir una t\u00e9cnica de &#8220;lavado&#8221; con aguadas y transparencias y reflejos, tan car\u00e1cter\u00edsticos de nuestro estilo.<\/p>\n<p>Tela montada y tensada en bastidor de pino previamente entelado con lienzo grueso de algod\u00f3n 100%.<\/p>\n<p>Medidas: 130&#215;230 cms. C\/U. Medidas totales 260&#215;230 cms.<\/p>\n<p>Realizada en el taller de BuenaVentura &#8211; Madrid- Espa\u00f1a. Recomendado por <a href=\"https:\/\/www.homofaber.com\/en\/artisans\/beln-huidobro--juan-aresti-wallpaper-making-spain\">HOMO FABER GUIDE<\/a><\/p>\n<p><a href=\"https:\/\/www.buenaventura.art\/contacto\/\">Consultar precio<\/a><br \/>\n[wpforms id=\"82044\"]<\/p>\n","protected":false},"featured_media":85059,"template":"","meta":[],"product_brand":[],"product_cat":[274],"product_tag":[],"class_list":{"0":"post-85051","1":"product","2":"type-product","3":"status-publish","4":"has-post-thumbnail","6":"product_cat-lienzos","8":"first","9":"instock","10":"taxable","11":"shipping-taxable","12":"product-type-simple"},"_links":{"self":[{"href":"https:\/\/buenaventura.art\/en\/wp-json\/wp\/v2\/product\/85051","targetHints":{"allow":["GET"]}}],"collection":[{"href":"https:\/\/buenaventura.art\/en\/wp-json\/wp\/v2\/product"}],"about":[{"href":"https:\/\/buenaventura.art\/en\/wp-json\/wp\/v2\/types\/product"}],"wp:featuredmedia":[{"embeddable":true,"href":"https:\/\/buenaventura.art\/en\/wp-json\/wp\/v2\/media\/85059"}],"wp:attachment":[{"href":"https:\/\/buenaventura.art\/en\/wp-json\/wp\/v2\/media?parent=85051"}],"wp:term":[{"taxonomy":"product_brand","embeddable":true,"href":"https:\/\/buenaventura.art\/en\/wp-json\/wp\/v2\/product_brand?post=85051"},{"taxonomy":"product_cat","embeddable":true,"href":"https:\/\/buenaventura.art\/en\/wp-json\/wp\/v2\/product_cat?post=85051"},{"taxonomy":"product_tag","embeddable":true,"href":"https:\/\/buenaventura.art\/en\/wp-json\/wp\/v2\/product_tag?post=85051"}],"curies":[{"name":"wp","href":"https:\/\/api.w.org\/{rel}","templated":true}]}}