{"id":84277,"date":"2026-04-01T15:19:11","date_gmt":"2026-04-01T15:19:11","guid":{"rendered":"https:\/\/buenaventura.art\/?post_type=product&#038;p=84277"},"modified":"2026-04-14T19:17:40","modified_gmt":"2026-04-14T19:17:40","slug":"papillon-lino-pintado-a-mano","status":"publish","type":"product","link":"https:\/\/buenaventura.art\/en\/product\/papillon-lino-pintado-a-mano\/","title":{"rendered":"PAPILIO ULYSSES"},"content":{"rendered":"<p>&#8220;PAPILIO ULYSSES&#8221;<\/p>\n<p>Pintada a mano con t\u00e9cnica mixta (acr\u00edlicos, tintadas y pigmentos minerales) sobre tela 100% lino. Se trata de una tela de lino de gran calidad fina y con una ligera imprimaci\u00f3n para conseguir una t\u00e9cnica de &#8220;lavado&#8221; con aguadas y transparencias y reflejos, tan car\u00e1cter\u00edsticos de nuestro estilo.<\/p>\n<p>Nuestro estilo no pretende reflejar con exactitud la naturaleza, sino que sea nuestra interpretaci\u00f3n personal, que haga de cada una de ellas algo \u00fanico y diferente. Cada pieza se entrega estampillada \/ firmada con el sello de BuenaVentura y fecha de realizaci\u00f3n.<\/p>\n<p>Tela montada y tensada en bastidor de pino previamente entelado con lienzo grueso de algod\u00f3n 100%.<\/p>\n<p>Medidas: 140 cm. de ancho por 150 cm.de alto.<\/p>\n<p>Realizada en el taller de BuenaVentura &#8211; Madrid- Espa\u00f1a. Recomendado por <a href=\"https:\/\/www.homofaber.com\/en\/artisans\/beln-huidobro--juan-aresti-wallpaper-making-spain\" rel=\"nofollow noopener\" target=\"_blank\">HOMO FABER GUIDE<\/a><\/p>\n<p>&nbsp;<\/p>","protected":false},"excerpt":{"rendered":"<p>Lienzo de la serie &#8220;PAPILLON&#8221; pintada a mano con t\u00e9cnica mixta (acr\u00edlicos, tintadas y pigmentos minerales) sobre tela 100% lino, montada en bastidor. 140x150cms.<\/p>\n<p><strong>Este producto es sobre pedido, por favor consulte precio.<\/strong><br \/>\n[wpforms id=\"84351\"]<\/p>\n","protected":false},"featured_media":84275,"template":"","meta":[],"product_brand":[],"product_cat":[274],"product_tag":[],"class_list":{"0":"post-84277","1":"product","2":"type-product","3":"status-publish","4":"has-post-thumbnail","6":"product_cat-paintings","8":"first","9":"instock","10":"taxable","11":"shipping-taxable","12":"product-type-simple"},"_links":{"self":[{"href":"https:\/\/buenaventura.art\/en\/wp-json\/wp\/v2\/product\/84277","targetHints":{"allow":["GET"]}}],"collection":[{"href":"https:\/\/buenaventura.art\/en\/wp-json\/wp\/v2\/product"}],"about":[{"href":"https:\/\/buenaventura.art\/en\/wp-json\/wp\/v2\/types\/product"}],"wp:featuredmedia":[{"embeddable":true,"href":"https:\/\/buenaventura.art\/en\/wp-json\/wp\/v2\/media\/84275"}],"wp:attachment":[{"href":"https:\/\/buenaventura.art\/en\/wp-json\/wp\/v2\/media?parent=84277"}],"wp:term":[{"taxonomy":"product_brand","embeddable":true,"href":"https:\/\/buenaventura.art\/en\/wp-json\/wp\/v2\/product_brand?post=84277"},{"taxonomy":"product_cat","embeddable":true,"href":"https:\/\/buenaventura.art\/en\/wp-json\/wp\/v2\/product_cat?post=84277"},{"taxonomy":"product_tag","embeddable":true,"href":"https:\/\/buenaventura.art\/en\/wp-json\/wp\/v2\/product_tag?post=84277"}],"curies":[{"name":"wp","href":"https:\/\/api.w.org\/{rel}","templated":true}]}}