{"id":83753,"date":"2026-02-11T16:13:53","date_gmt":"2026-02-11T16:13:53","guid":{"rendered":"https:\/\/buenaventura.art\/?post_type=product&#038;p=83753"},"modified":"2026-02-22T14:23:53","modified_gmt":"2026-02-22T14:23:53","slug":"lilium-azul-acuarela","status":"publish","type":"product","link":"https:\/\/buenaventura.art\/en\/product\/lilium-azul-acuarela\/","title":{"rendered":"Lilium Azul | acuarela"},"content":{"rendered":"<p>Lamina &#8220;Lilium Blue&#8221;<\/p>\n<p>forma parte de colecci\u00f3n Bot\u00e1nica, compuesta de ocho pinturas a la acuarela y reproducidas a mano seg\u00fan el dibujo original, lo que hace que ninguna sea igual a la otra. El papel que empleamos es el mismo que usamos en nuestros <a href=\"http:\/\/www.buenaventura.art\">murales pintados a mano<\/a>, papel natural 100% algod\u00f3n de 200gr.<\/p>\n<p>Nuestro estilo no pretende reflejar con exactitud la naturaleza, sino que sea nuestra interpretaci\u00f3n personal, que haga de cada una de ellas algo \u00fanico y diferente. Cada pieza se entrega estampillada con el sello de BuenaVentura, numerada y\u00a0 con su fecha de realizaci\u00f3n.<\/p>\n<p>Los marcos que proponemos son seleccionados por nosotros y se realizan a mano, sin juntas y lacados o dorados por cualificados artesanos.<\/p>\n<p>Medidas: 40 cm. de ancho por 50 cm.de alto.<\/p>\n<p>Realizada en el taller de BuenaVentura \u2013 Madrid- Espa\u00f1a. Recomendado por <a href=\"https:\/\/www.homofaber.com\/en\/artisans\/beln-huidobro--juan-aresti-wallpaper-making-spain\" target=\"_blank\" rel=\"nofollow noopener\">HOMO FABER GUIDE<\/a><\/p>","protected":false},"excerpt":{"rendered":"<p>Lamina &#8220;Lilium blue&#8221; forma parte de la colecci\u00f3n Bot\u00e1nica, compuesta de ocho pinturas a la acuarela realizadas a mano sobre papel natural 100% algod\u00f3n de 200gr.<\/p>","protected":false},"featured_media":83759,"template":"","meta":[],"product_brand":[],"product_cat":[282,270],"product_tag":[],"class_list":{"0":"post-83753","1":"product","2":"type-product","3":"status-publish","4":"has-post-thumbnail","6":"product_cat-botanicas","7":"product_cat-laminas","9":"first","10":"instock","11":"taxable","12":"shipping-taxable","13":"purchasable","14":"product-type-variable"},"_links":{"self":[{"href":"https:\/\/buenaventura.art\/en\/wp-json\/wp\/v2\/product\/83753","targetHints":{"allow":["GET"]}}],"collection":[{"href":"https:\/\/buenaventura.art\/en\/wp-json\/wp\/v2\/product"}],"about":[{"href":"https:\/\/buenaventura.art\/en\/wp-json\/wp\/v2\/types\/product"}],"wp:featuredmedia":[{"embeddable":true,"href":"https:\/\/buenaventura.art\/en\/wp-json\/wp\/v2\/media\/83759"}],"wp:attachment":[{"href":"https:\/\/buenaventura.art\/en\/wp-json\/wp\/v2\/media?parent=83753"}],"wp:term":[{"taxonomy":"product_brand","embeddable":true,"href":"https:\/\/buenaventura.art\/en\/wp-json\/wp\/v2\/product_brand?post=83753"},{"taxonomy":"product_cat","embeddable":true,"href":"https:\/\/buenaventura.art\/en\/wp-json\/wp\/v2\/product_cat?post=83753"},{"taxonomy":"product_tag","embeddable":true,"href":"https:\/\/buenaventura.art\/en\/wp-json\/wp\/v2\/product_tag?post=83753"}],"curies":[{"name":"wp","href":"https:\/\/api.w.org\/{rel}","templated":true}]}}