{"id":83720,"date":"2026-02-02T17:39:35","date_gmt":"2026-02-02T17:39:35","guid":{"rendered":"https:\/\/buenaventura.art\/?post_type=product&#038;p=83720"},"modified":"2026-02-05T17:39:39","modified_gmt":"2026-02-05T17:39:39","slug":"flow","status":"publish","type":"product","link":"https:\/\/buenaventura.art\/en\/product\/flow\/","title":{"rendered":"Flow"},"content":{"rendered":"<p>Pantalla artesanal pintada a mano sobre base de papel natural 100% algod\u00f3n. El dibujo est\u00e1 basado en nuestro dise\u00f1o de papel pintado a mano <a href=\"https:\/\/buenaventura.art\/flow\/\">papel pintado a mano FLOW<\/a>.<\/p>\r\n<p>35 cm. de di\u00e1metro por 25 cm. de alto<\/p>\r\n<p>Interior metalizado dorado<\/p>\r\n<p>Realizada a mano en Espa\u00f1a<\/p>\r\n<p>&nbsp;<\/p>","protected":false},"excerpt":{"rendered":"<p>Pantalla artesanal pintada a mano sobre base de papel natural 100% algod\u00f3n. El dibujo est\u00e1 basado en nuestro dise\u00f1o de papel pintado a mano <a href=\"https:\/\/buenaventura.art\/flow\/\">papel pintado a mano FLOW<\/a>.<\/p>\n<p>&nbsp;<\/p>","protected":false},"featured_media":83719,"template":"","meta":[],"product_brand":[],"product_cat":[259],"product_tag":[],"class_list":{"0":"post-83720","1":"product","2":"type-product","3":"status-publish","4":"has-post-thumbnail","6":"product_cat-lamp","7":"product_shipping_class-lamparas-envio-voluminoso-y-peso","9":"first","10":"instock","11":"taxable","12":"shipping-taxable","13":"purchasable","14":"product-type-simple"},"_links":{"self":[{"href":"https:\/\/buenaventura.art\/en\/wp-json\/wp\/v2\/product\/83720","targetHints":{"allow":["GET"]}}],"collection":[{"href":"https:\/\/buenaventura.art\/en\/wp-json\/wp\/v2\/product"}],"about":[{"href":"https:\/\/buenaventura.art\/en\/wp-json\/wp\/v2\/types\/product"}],"wp:featuredmedia":[{"embeddable":true,"href":"https:\/\/buenaventura.art\/en\/wp-json\/wp\/v2\/media\/83719"}],"wp:attachment":[{"href":"https:\/\/buenaventura.art\/en\/wp-json\/wp\/v2\/media?parent=83720"}],"wp:term":[{"taxonomy":"product_brand","embeddable":true,"href":"https:\/\/buenaventura.art\/en\/wp-json\/wp\/v2\/product_brand?post=83720"},{"taxonomy":"product_cat","embeddable":true,"href":"https:\/\/buenaventura.art\/en\/wp-json\/wp\/v2\/product_cat?post=83720"},{"taxonomy":"product_tag","embeddable":true,"href":"https:\/\/buenaventura.art\/en\/wp-json\/wp\/v2\/product_tag?post=83720"}],"curies":[{"name":"wp","href":"https:\/\/api.w.org\/{rel}","templated":true}]}}