{"id":83640,"date":"2026-01-27T14:55:35","date_gmt":"2026-01-27T14:55:35","guid":{"rendered":"https:\/\/buenaventura.art\/?post_type=product&#038;p=83640"},"modified":"2026-03-02T15:22:08","modified_gmt":"2026-03-02T15:22:08","slug":"lladro","status":"publish","type":"product","link":"https:\/\/buenaventura.art\/en\/product\/lladro\/","title":{"rendered":"Lladr\u00f3"},"content":{"rendered":"<p>Lampara de sobremesa compuesta por pantalla artesanal pintada a mano sobre base de papel natural 100% algod\u00f3n. El dibujo est\u00e1 basado en nuestro dise\u00f1o de papel pintado a mano <a href=\"https:\/\/buenaventura.art\/ghost2\">papel pintado a mano GHOST<\/a>.<\/p>\r\n<p>Pie de lampara de color azul cobalto de la prestigiosa firma espa\u00f1ola LLADR\u00d3, modelo F\u00e9mina, de medidas 47 cm. de alto por 22 de ancho.<\/p>\r\n<p>Escultor, Julio Fernandez (a\u00f1o entre 1971 y 1981).<\/p>\r\n<p>&nbsp;<\/p>\r\n<p>&nbsp;<\/p>","protected":false},"excerpt":{"rendered":"<p>Lampara de sobremesa compuesta por pantalla artesanal pintada a mano sobre base de papel natural 100% algod\u00f3n. El dibujo est\u00e1 basado en nuestro dise\u00f1o de papel pintado a mano <a href=\"https:\/\/buenaventura.art\/ghost2\">papel pintado a mano GHOST<\/a>.<\/p>\n<p>Pie de lampara de color azul cobalto de la prestigiosa firma espa\u00f1ola LLADR\u00d3.<\/p>\n<p>&nbsp;<\/p>","protected":false},"featured_media":83653,"template":"","meta":[],"product_brand":[],"product_cat":[259],"product_tag":[],"class_list":{"0":"post-83640","1":"product","2":"type-product","3":"status-publish","4":"has-post-thumbnail","6":"product_cat-lamp","8":"first","9":"instock","10":"taxable","11":"shipping-taxable","12":"purchasable","13":"product-type-variable","14":"has-default-attributes"},"_links":{"self":[{"href":"https:\/\/buenaventura.art\/en\/wp-json\/wp\/v2\/product\/83640","targetHints":{"allow":["GET"]}}],"collection":[{"href":"https:\/\/buenaventura.art\/en\/wp-json\/wp\/v2\/product"}],"about":[{"href":"https:\/\/buenaventura.art\/en\/wp-json\/wp\/v2\/types\/product"}],"wp:featuredmedia":[{"embeddable":true,"href":"https:\/\/buenaventura.art\/en\/wp-json\/wp\/v2\/media\/83653"}],"wp:attachment":[{"href":"https:\/\/buenaventura.art\/en\/wp-json\/wp\/v2\/media?parent=83640"}],"wp:term":[{"taxonomy":"product_brand","embeddable":true,"href":"https:\/\/buenaventura.art\/en\/wp-json\/wp\/v2\/product_brand?post=83640"},{"taxonomy":"product_cat","embeddable":true,"href":"https:\/\/buenaventura.art\/en\/wp-json\/wp\/v2\/product_cat?post=83640"},{"taxonomy":"product_tag","embeddable":true,"href":"https:\/\/buenaventura.art\/en\/wp-json\/wp\/v2\/product_tag?post=83640"}],"curies":[{"name":"wp","href":"https:\/\/api.w.org\/{rel}","templated":true}]}}