{"id":83563,"date":"2026-01-16T16:18:11","date_gmt":"2026-01-16T16:18:11","guid":{"rendered":"https:\/\/buenaventura.art\/?post_type=product&#038;p=83563"},"modified":"2026-01-26T15:36:58","modified_gmt":"2026-01-26T15:36:58","slug":"bamboo-forest-green","status":"publish","type":"product","link":"https:\/\/buenaventura.art\/en\/product\/bamboo-forest-green\/","title":{"rendered":"Bamboo Forest Green"},"content":{"rendered":"<p>Lampara de sobremesa compuesta por pantalla artesanal pintada a mano sobre base de papel natural 100% algod\u00f3n. El dibujo est\u00e1 basado en nuestro dise\u00f1o de papel pintado a mano <a href=\"https:\/\/buenaventura.art\/bamboo-forest\/\">papel pintado a mano BAMBOO FOREST<\/a>.<\/p>\r\n<p>Pie de lampara de cer\u00e1mica hecha a mano en torno alfarero. Esmaltada en color cascara de huevo.\u00a0 En la base lleva una peana de madera dorada realizada con pan de oro.<\/p>\r\n<p>Cable de seda trenzado y portal\u00e1mparas, todo incluido. Las medidas de la cer\u00e1mica\u00a0\u00a040cm. alto x 11cm. ancho. Las medidas de la pantalla 45cm de di\u00e1metro 23 cm. alto.<\/p>","protected":false},"excerpt":{"rendered":"<p>Lampara de sobremesa formada por pantalla artesanal\u00a0 pintada a mano sobre base de papel natural 100% algod\u00f3n. Dise\u00f1o: <a href=\"https:\/\/buenaventura.art\/bamboo-forest\/\">papel pintado a mano BAMBOO FOREST<\/a>.<\/p>","protected":false},"featured_media":83571,"template":"","meta":[],"product_brand":[],"product_cat":[259],"product_tag":[],"class_list":{"0":"post-83563","1":"product","2":"type-product","3":"status-publish","4":"has-post-thumbnail","6":"product_cat-lamp","8":"first","9":"instock","10":"taxable","11":"shipping-taxable","12":"purchasable","13":"product-type-variable","14":"has-default-attributes"},"_links":{"self":[{"href":"https:\/\/buenaventura.art\/en\/wp-json\/wp\/v2\/product\/83563","targetHints":{"allow":["GET"]}}],"collection":[{"href":"https:\/\/buenaventura.art\/en\/wp-json\/wp\/v2\/product"}],"about":[{"href":"https:\/\/buenaventura.art\/en\/wp-json\/wp\/v2\/types\/product"}],"wp:featuredmedia":[{"embeddable":true,"href":"https:\/\/buenaventura.art\/en\/wp-json\/wp\/v2\/media\/83571"}],"wp:attachment":[{"href":"https:\/\/buenaventura.art\/en\/wp-json\/wp\/v2\/media?parent=83563"}],"wp:term":[{"taxonomy":"product_brand","embeddable":true,"href":"https:\/\/buenaventura.art\/en\/wp-json\/wp\/v2\/product_brand?post=83563"},{"taxonomy":"product_cat","embeddable":true,"href":"https:\/\/buenaventura.art\/en\/wp-json\/wp\/v2\/product_cat?post=83563"},{"taxonomy":"product_tag","embeddable":true,"href":"https:\/\/buenaventura.art\/en\/wp-json\/wp\/v2\/product_tag?post=83563"}],"curies":[{"name":"wp","href":"https:\/\/api.w.org\/{rel}","templated":true}]}}