{"id":83030,"date":"2026-01-03T22:11:48","date_gmt":"2026-01-03T22:11:48","guid":{"rendered":"https:\/\/buenaventura.art\/?post_type=product&#038;p=83030"},"modified":"2026-03-02T15:33:11","modified_gmt":"2026-03-02T15:33:11","slug":"malakita-copia","status":"publish","type":"product","link":"https:\/\/buenaventura.art\/en\/product\/malakita-copia\/","title":{"rendered":"Malaquita"},"content":{"rendered":"<p>Lampara de sobremesa compuesta por pantalla artesanal pintado a mano sobre base de papel natural 100% algod\u00f3n. El dibujo est\u00e1 basado en nuestro dise\u00f1o de papel pintado a mano <a href=\"https:\/\/buenaventura.art\/malakita\/\">papel pintado a mano MALAQUITA<\/a>.<\/p>\n<p>Pie de lampara de cer\u00e1mica hecha a mano en torno alfarero. Esmaltada en color beige claro.\u00a0 En la base lleva una peana de madera dorada realizada con pan de oro.<\/p>\n<p>Cable de seda trenzado y portal\u00e1mparas, todo incluido. Las medidas de la cer\u00e1mica\u00a0\u00a040cm. alto x 11cm. ancho. Medidas de la pantalla 45cm di\u00e1metro x 25cm. alto<\/p>","protected":false},"excerpt":{"rendered":"<p>Lampara de sobremesa formada por pantalla artesanal\u00a0 pintado a mano sobre base de papel natural 100% algod\u00f3n. Dise\u00f1o: <a href=\"https:\/\/buenaventura.art\/malakita\/\">Papel pintado a mano MALAQUITA<\/a>.<\/p>","protected":false},"featured_media":83403,"template":"","meta":[],"product_brand":[],"product_cat":[259],"product_tag":[],"class_list":{"0":"post-83030","1":"product","2":"type-product","3":"status-publish","4":"has-post-thumbnail","6":"product_cat-lamp","8":"first","9":"instock","10":"taxable","11":"shipping-taxable","12":"purchasable","13":"product-type-variable"},"_links":{"self":[{"href":"https:\/\/buenaventura.art\/en\/wp-json\/wp\/v2\/product\/83030","targetHints":{"allow":["GET"]}}],"collection":[{"href":"https:\/\/buenaventura.art\/en\/wp-json\/wp\/v2\/product"}],"about":[{"href":"https:\/\/buenaventura.art\/en\/wp-json\/wp\/v2\/types\/product"}],"wp:featuredmedia":[{"embeddable":true,"href":"https:\/\/buenaventura.art\/en\/wp-json\/wp\/v2\/media\/83403"}],"wp:attachment":[{"href":"https:\/\/buenaventura.art\/en\/wp-json\/wp\/v2\/media?parent=83030"}],"wp:term":[{"taxonomy":"product_brand","embeddable":true,"href":"https:\/\/buenaventura.art\/en\/wp-json\/wp\/v2\/product_brand?post=83030"},{"taxonomy":"product_cat","embeddable":true,"href":"https:\/\/buenaventura.art\/en\/wp-json\/wp\/v2\/product_cat?post=83030"},{"taxonomy":"product_tag","embeddable":true,"href":"https:\/\/buenaventura.art\/en\/wp-json\/wp\/v2\/product_tag?post=83030"}],"curies":[{"name":"wp","href":"https:\/\/api.w.org\/{rel}","templated":true}]}}