{"id":82192,"date":"2025-07-23T10:43:21","date_gmt":"2025-07-23T10:43:21","guid":{"rendered":"https:\/\/buenaventura.art\/sandbox\/?page_id=82192"},"modified":"2026-01-09T15:14:19","modified_gmt":"2026-01-09T15:14:19","slug":"actitud","status":"publish","type":"page","link":"https:\/\/buenaventura.art\/en\/actitud\/","title":{"rendered":"Attitude"},"content":{"rendered":"<div class=\"wp-block-stackable-columns alignfull stk-block-columns stk-block stk-c20ffbd stk-block-background stk--has-background-overlay\" data-block-id=\"c20ffbd\"><style>.stk-c20ffbd {min-height:587px !important;}.stk-c20ffbd-column{max-width:100% !important;min-width:auto !important;--stk-columns-spacing:0px !important;--stk-column-gap:0px !important;row-gap:0px !important;}<\/style><div class=\"stk-row stk-inner-blocks has-text-align-center stk-block-content stk-content-align stk-c20ffbd-column alignfull\">\n<div class=\"wp-block-stackable-column stk-block-column stk-column stk-block stk-c5f3e7f\" data-v=\"4\" data-block-id=\"c5f3e7f\"><style>.stk-c5f3e7f-container{max-width:523px !important;min-width:auto !important;}<\/style><div class=\"stk-column-wrapper stk-block-column__content stk-container stk-c5f3e7f-container stk--no-background stk--no-padding\"><div class=\"has-text-align-center stk-block-content stk-inner-blocks stk-c5f3e7f-inner-blocks\"><\/div><\/div><\/div>\n<\/div><video class=\"stk-video-background\" autoplay muted loop playsinline src=\"http:\/\/buenaventura.art\/sandbox\/wp-content\/uploads\/2020\/04\/Buenaventuracorto2.mp4\" poster=\"\"><\/video><\/div>\n\n\n\n<div class=\"wp-block-columns is-layout-flex wp-container-core-columns-is-layout-a54e0cfc wp-block-columns-is-layout-flex\" style=\"padding-top:var(--wp--preset--spacing--60);padding-bottom:var(--wp--preset--spacing--60)\">\n<div class=\"wp-block-column is-layout-flow wp-block-column-is-layout-flow\">\n<h2 class=\"wp-block-heading has-text-align-right\"><span style=\"color: #000000;\" class=\"stk-highlight\">TRADITION<\/span><\/h2>\n<\/div>\n\n\n\n<div class=\"wp-block-column is-layout-flow wp-block-column-is-layout-flow\">\n<h2 class=\"wp-block-heading has-text-align-center\"><span style=\"color: #000000;\" class=\"stk-highlight\">DESIGN<\/span><\/h2>\n<\/div>\n\n\n\n<div class=\"wp-block-column is-layout-flow wp-block-column-is-layout-flow\">\n<h2 class=\"wp-block-heading has-text-align-left\"><span style=\"color: #000000;\" class=\"stk-highlight\">INNOVATION<\/span><\/h2>\n<\/div>\n<\/div>\n\n\n\n<div class=\"wp-block-columns is-layout-flex wp-container-core-columns-is-layout-28f84493 wp-block-columns-is-layout-flex\">\n<div class=\"wp-block-column is-layout-flow wp-block-column-is-layout-flow\" style=\"flex-basis:20%\"><\/div>\n\n\n\n<div class=\"wp-block-column is-layout-flow wp-block-column-is-layout-flow\" style=\"flex-basis:60%\">\n<p class=\"has-text-align-center has-small-font-size\" style=\"padding-right:var(--wp--preset--spacing--60);padding-left:var(--wp--preset--spacing--60)\"><em>Glazes, tonalities, transparencies;\nThe fruits of years of artistic research and refinement to achieve an innately unique style and finish, to give life to organic atmospheres, outstanding and harmonious all at once.<\/em><\/p>\n\n\n\n<p class=\"has-text-align-center has-small-font-size\" style=\"margin-right:var(--wp--preset--spacing--60);margin-left:var(--wp--preset--spacing--60)\"><em>Design, tradition and craftwork unite to create pieces which transcend the realms of time, leaving their subtle mark on eternity.<\/em><\/p>\n<\/div>\n\n\n\n<div class=\"wp-block-column is-layout-flow wp-block-column-is-layout-flow\" style=\"flex-basis:20%\"><\/div>\n<\/div>\n\n\n\n<div style=\"height:50px\" aria-hidden=\"true\" class=\"wp-block-spacer\"><\/div>\n\n\n\n<div class=\"wp-block-columns is-layout-flex wp-container-core-columns-is-layout-3fe3d0be wp-block-columns-is-layout-flex\" style=\"padding-bottom:var(--wp--preset--spacing--50)\">\n<div class=\"wp-block-column is-layout-flow wp-block-column-is-layout-flow\" style=\"padding-right:var(--wp--preset--spacing--50);flex-basis:66.66%\">\n<figure class=\"wp-block-image size-large is-resized\"><img loading=\"lazy\" decoding=\"async\" width=\"433\" height=\"577\" src=\"http:\/\/buenaventura.art\/wp-content\/uploads\/2025\/11\/05_BuenaVentura-433x577.jpg\" alt=\"\" class=\"wp-image-82589\" style=\"width:639px;height:auto\" srcset=\"https:\/\/buenaventura.art\/wp-content\/uploads\/2025\/11\/05_BuenaVentura-433x577.jpg 433w, https:\/\/buenaventura.art\/wp-content\/uploads\/2025\/11\/05_BuenaVentura-500x667.jpg 500w, https:\/\/buenaventura.art\/wp-content\/uploads\/2025\/11\/05_BuenaVentura-600x800.jpg 600w, https:\/\/buenaventura.art\/wp-content\/uploads\/2025\/11\/05_BuenaVentura-341x455.jpg 341w, https:\/\/buenaventura.art\/wp-content\/uploads\/2025\/11\/05_BuenaVentura-75x100.jpg 75w, https:\/\/buenaventura.art\/wp-content\/uploads\/2025\/11\/05_BuenaVentura-768x1024.jpg 768w, https:\/\/buenaventura.art\/wp-content\/uploads\/2025\/11\/05_BuenaVentura-9x12.jpg 9w, https:\/\/buenaventura.art\/wp-content\/uploads\/2025\/11\/05_BuenaVentura.jpg 1107w\" sizes=\"auto, (max-width: 433px) 100vw, 433px\" \/><\/figure>\n<\/div>\n\n\n\n<div class=\"wp-block-column is-vertically-aligned-top is-layout-flow wp-block-column-is-layout-flow\" style=\"flex-basis:33.33%\">\n<figure class=\"wp-block-image size-full\"><img loading=\"lazy\" decoding=\"async\" width=\"779\" height=\"991\" src=\"http:\/\/buenaventura.art\/sandbox\/wp-content\/uploads\/2015\/03\/Belen-y-Juan-2-773x991.jpg\" alt=\"\" class=\"wp-image-2993\" srcset=\"https:\/\/buenaventura.art\/wp-content\/uploads\/2015\/03\/Belen-y-Juan-2-773x991.jpg 779w, https:\/\/buenaventura.art\/wp-content\/uploads\/2015\/03\/Belen-y-Juan-2-773x991-500x636.jpg 500w, https:\/\/buenaventura.art\/wp-content\/uploads\/2015\/03\/Belen-y-Juan-2-773x991-600x763.jpg 600w, https:\/\/buenaventura.art\/wp-content\/uploads\/2015\/03\/Belen-y-Juan-2-773x991-235x300.jpg 235w\" sizes=\"auto, (max-width: 779px) 100vw, 779px\" \/><\/figure>\n\n\n\n<h2 class=\"wp-block-heading has-text-align-center has-medium-font-size\">ABOUT US<\/h2>\n\n\n\n<p class=\"has-text-align-center\">Belen Huidobro and Juan Aresti founded BuenaVentura in 2003<\/p>\n\n\n\n<p class=\"has-text-align-center\">This project is the result of our passion for nature, and its projection into the interior spaces, using the highest quality in all aspects.<\/p>\n\n\n\n<p class=\"has-text-align-center\">In order to do so, we interpret the forms, we try to nuance the light and the colours of the world around us, with our own imprint and style.<\/p>\n\n\n\n<p class=\"has-text-align-center\">Stroke after stroke, we are achieving our dream of creating beautiful, refined works to enhance the most exquisite spaces. This project is the result of our passion for nature and its translation into interior spaces, using the highest quality in every regard.<\/p>\n<\/div>\n<\/div>\n\n\n\n<figure class=\"wp-block-image size-large\"><img loading=\"lazy\" decoding=\"async\" width=\"769\" height=\"577\" src=\"http:\/\/buenaventura.art\/wp-content\/uploads\/2025\/11\/01_BuenaVentura-769x577.jpg\" alt=\"\" class=\"wp-image-82593\" srcset=\"https:\/\/buenaventura.art\/wp-content\/uploads\/2025\/11\/01_BuenaVentura-769x577.jpg 769w, https:\/\/buenaventura.art\/wp-content\/uploads\/2025\/11\/01_BuenaVentura-500x375.jpg 500w, https:\/\/buenaventura.art\/wp-content\/uploads\/2025\/11\/01_BuenaVentura-600x450.jpg 600w, https:\/\/buenaventura.art\/wp-content\/uploads\/2025\/11\/01_BuenaVentura-133x100.jpg 133w, https:\/\/buenaventura.art\/wp-content\/uploads\/2025\/11\/01_BuenaVentura-768x576.jpg 768w, https:\/\/buenaventura.art\/wp-content\/uploads\/2025\/11\/01_BuenaVentura-1536x1152.jpg 1536w, https:\/\/buenaventura.art\/wp-content\/uploads\/2025\/11\/01_BuenaVentura-16x12.jpg 16w, https:\/\/buenaventura.art\/wp-content\/uploads\/2025\/11\/01_BuenaVentura.jpg 1968w\" sizes=\"auto, (max-width: 769px) 100vw, 769px\" \/><\/figure>\n\n\n\n<div class=\"wp-block-columns is-layout-flex wp-container-core-columns-is-layout-f300760e wp-block-columns-is-layout-flex\" style=\"padding-top:var(--wp--preset--spacing--50);padding-bottom:var(--wp--preset--spacing--50)\">\n<div class=\"wp-block-column is-layout-flow wp-block-column-is-layout-flow\" style=\"flex-basis:33.33%\">\n<figure class=\"wp-block-image size-large\"><img loading=\"lazy\" decoding=\"async\" width=\"433\" height=\"577\" src=\"http:\/\/buenaventura.art\/wp-content\/uploads\/2025\/11\/17_BuenaVentura-433x577.jpg\" alt=\"\" class=\"wp-image-82590\" srcset=\"https:\/\/buenaventura.art\/wp-content\/uploads\/2025\/11\/17_BuenaVentura-433x577.jpg 433w, https:\/\/buenaventura.art\/wp-content\/uploads\/2025\/11\/17_BuenaVentura-500x667.jpg 500w, https:\/\/buenaventura.art\/wp-content\/uploads\/2025\/11\/17_BuenaVentura-600x800.jpg 600w, https:\/\/buenaventura.art\/wp-content\/uploads\/2025\/11\/17_BuenaVentura-341x455.jpg 341w, https:\/\/buenaventura.art\/wp-content\/uploads\/2025\/11\/17_BuenaVentura-75x100.jpg 75w, https:\/\/buenaventura.art\/wp-content\/uploads\/2025\/11\/17_BuenaVentura-768x1024.jpg 768w, https:\/\/buenaventura.art\/wp-content\/uploads\/2025\/11\/17_BuenaVentura-9x12.jpg 9w, https:\/\/buenaventura.art\/wp-content\/uploads\/2025\/11\/17_BuenaVentura.jpg 1107w\" sizes=\"auto, (max-width: 433px) 100vw, 433px\" \/><\/figure>\n\n\n\n<div style=\"height:30px\" aria-hidden=\"true\" class=\"wp-block-spacer\"><\/div>\n\n\n\n<p class=\"has-text-align-center\">Our wallpapers and murals are our own designs, hand-painted using watercolour techniques on beautiful cotton paper.<\/p>\n\n\n\n<p class=\"has-text-align-center\">The combination of sophisticated pictorial techniques allows us to capture the fleeting effects of nature with greater expressiveness and luminosity.<\/p>\n\n\n\n<p class=\"has-text-align-center\">Un laborioso procedimiento art\u00edstico, para realizar piezas \u00fanicas y&nbsp; atemporales.<\/p>\n<\/div>\n\n\n\n<div class=\"wp-block-column is-layout-flow wp-container-core-column-is-layout-49573987 wp-block-column-is-layout-flow\" style=\"padding-left:var(--wp--preset--spacing--50);flex-basis:66.66%\">\n<figure class=\"wp-block-image size-large is-resized\"><img loading=\"lazy\" decoding=\"async\" width=\"433\" height=\"577\" src=\"http:\/\/buenaventura.art\/wp-content\/uploads\/2025\/11\/09_BuenaVentura-433x577.jpg\" alt=\"\" class=\"wp-image-82598\" style=\"width:417px;height:auto\" srcset=\"https:\/\/buenaventura.art\/wp-content\/uploads\/2025\/11\/09_BuenaVentura-433x577.jpg 433w, https:\/\/buenaventura.art\/wp-content\/uploads\/2025\/11\/09_BuenaVentura-500x667.jpg 500w, https:\/\/buenaventura.art\/wp-content\/uploads\/2025\/11\/09_BuenaVentura-600x800.jpg 600w, https:\/\/buenaventura.art\/wp-content\/uploads\/2025\/11\/09_BuenaVentura-341x455.jpg 341w, https:\/\/buenaventura.art\/wp-content\/uploads\/2025\/11\/09_BuenaVentura-75x100.jpg 75w, https:\/\/buenaventura.art\/wp-content\/uploads\/2025\/11\/09_BuenaVentura-768x1024.jpg 768w, https:\/\/buenaventura.art\/wp-content\/uploads\/2025\/11\/09_BuenaVentura-9x12.jpg 9w, https:\/\/buenaventura.art\/wp-content\/uploads\/2025\/11\/09_BuenaVentura.jpg 1107w\" sizes=\"auto, (max-width: 433px) 100vw, 433px\" \/><\/figure>\n<\/div>\n<\/div>\n\n\n\n<div class=\"wp-block-stackable-spacer stk-block-spacer stk--no-padding stk-block stk-bd0327d\" data-block-id=\"bd0327d\"><style>.stk-bd0327d {height:150px !important;}<\/style><\/div>","protected":false},"excerpt":{"rendered":"<p>TRADICI\u00d3N DISE\u00d1O INNOVACI\u00d3N Veladuras, tonalidades, transparencias, fruto de a\u00f1os de investigaci\u00f3n art\u00edstica y t\u00e9cnica para conseguir un estilo y acabado \u00fanicos; para formar ambientes org\u00e1nicos, distinguidos y armoniosos. Dise\u00f1o, tradici\u00f3n y tecnolog\u00eda, unidos para que nuestro trabajo perdure en el tiempo, un factor que nuestras obras alteran suavemente. SOBRE NOSOTROS Bel\u00e9n Huidobro y Juan Aresti [&hellip;]<\/p>\n","protected":false},"author":1,"featured_media":0,"parent":0,"menu_order":0,"comment_status":"closed","ping_status":"closed","template":"","meta":{"footnotes":""},"class_list":["post-82192","page","type-page","status-publish","hentry"],"blocksy_meta":[],"_links":{"self":[{"href":"https:\/\/buenaventura.art\/en\/wp-json\/wp\/v2\/pages\/82192","targetHints":{"allow":["GET"]}}],"collection":[{"href":"https:\/\/buenaventura.art\/en\/wp-json\/wp\/v2\/pages"}],"about":[{"href":"https:\/\/buenaventura.art\/en\/wp-json\/wp\/v2\/types\/page"}],"author":[{"embeddable":true,"href":"https:\/\/buenaventura.art\/en\/wp-json\/wp\/v2\/users\/1"}],"replies":[{"embeddable":true,"href":"https:\/\/buenaventura.art\/en\/wp-json\/wp\/v2\/comments?post=82192"}],"version-history":[{"count":8,"href":"https:\/\/buenaventura.art\/en\/wp-json\/wp\/v2\/pages\/82192\/revisions"}],"predecessor-version":[{"id":83218,"href":"https:\/\/buenaventura.art\/en\/wp-json\/wp\/v2\/pages\/82192\/revisions\/83218"}],"wp:attachment":[{"href":"https:\/\/buenaventura.art\/en\/wp-json\/wp\/v2\/media?parent=82192"}],"curies":[{"name":"wp","href":"https:\/\/api.w.org\/{rel}","templated":true}]}}