{"id":3876,"date":"2014-12-13T01:47:04","date_gmt":"2014-12-13T00:47:04","guid":{"rendered":"https:\/\/undsgn.com\/uncode_new\/?page_id=3876"},"modified":"2026-04-14T17:34:14","modified_gmt":"2026-04-14T17:34:14","slug":"contacto","status":"publish","type":"page","link":"https:\/\/buenaventura.art\/en\/contacto\/","title":{"rendered":"Contact us"},"content":{"rendered":"\n<div class=\"wp-block-stackable-columns alignfull stk-block-columns stk-block stk-c20ffbd stk-block-background stk--has-background-overlay\" data-block-id=\"c20ffbd\"><style>.stk-c20ffbd {background-image:url(http:\/\/buenaventura.art\/wp-content\/uploads\/2020\/04\/estudio-buenaventura-1.jpg) !important;background-position:center center !important;min-height:587px !important;}.stk-c20ffbd:before{background-color:#000000 !important;opacity:0.2 !important;}.stk-c20ffbd-column{max-width:100% !important;min-width:auto !important;--stk-columns-spacing:0px !important;--stk-column-gap:0px !important;row-gap:0px !important;}<\/style><div class=\"stk-row stk-inner-blocks has-text-align-center stk-block-content stk-content-align stk-c20ffbd-column alignfull\">\n<div class=\"wp-block-stackable-column stk-block-column stk-column stk-block stk-c5f3e7f\" data-v=\"4\" data-block-id=\"c5f3e7f\"><style>.stk-c5f3e7f-container{max-width:523px !important;min-width:auto !important;}<\/style><div class=\"stk-column-wrapper stk-block-column__content stk-container stk-c5f3e7f-container stk--no-background stk--no-padding\"><div class=\"has-text-align-center stk-block-content stk-inner-blocks stk-c5f3e7f-inner-blocks\"><\/div><\/div><\/div>\n<\/div><\/div>\n\n\n\n<div style=\"height:100px\" aria-hidden=\"true\" class=\"wp-block-spacer\"><\/div>\n\n\n\n<div class=\"wp-block-columns is-layout-flex wp-container-core-columns-is-layout-28f84493 wp-block-columns-is-layout-flex\">\n<div class=\"wp-block-column has-small-font-size is-layout-constrained wp-container-core-column-is-layout-95e44506 wp-block-column-is-layout-constrained\" style=\"padding-right:var(--wp--preset--spacing--80)\">\n<p class=\"has-text-align-left\" style=\"font-size:clamp(14px, 0.875rem + ((1vw - 3.2px) * 0.078), 15px);\">Si desea hacernos alguna consulta o solicitar informaci\u00f3n adicional, no dude en contactarnos a trav\u00e9s de este formulario y le responderemos en la mayor brevedad.<\/p>\n\n\n<style id=\"wpforms-css-vars-82044-block-cb42dfec-2a0a-455a-96a5-12fc14d8b68e\">\n\t\t\t\t#wpforms-82044.wpforms-block-cb42dfec-2a0a-455a-96a5-12fc14d8b68e {\n\t\t\t\t--wpforms-field-border-radius: ;\n--wpforms-button-border-radius: px;\n--wpforms-button-background-color: #b4975a;\n--wpforms-button-border-color: #b4975a;\n--wpforms-field-size-input-height: 43px;\n--wpforms-field-size-input-spacing: 15px;\n--wpforms-field-size-font-size: 16px;\n--wpforms-field-size-line-height: 19px;\n--wpforms-field-size-padding-h: 14px;\n--wpforms-field-size-checkbox-size: 16px;\n--wpforms-field-size-sublabel-spacing: 5px;\n--wpforms-field-size-icon-size: 1;\n--wpforms-label-size-font-size: 14px;\n--wpforms-label-size-line-height: 17px;\n--wpforms-label-size-sublabel-font-size: 13px;\n--wpforms-label-size-sublabel-line-height: 16px;\n--wpforms-button-size-font-size: 20px;\n--wpforms-button-size-height: 48px;\n--wpforms-button-size-padding-h: 20px;\n--wpforms-button-size-margin-top: 15px;\n\t\t\t}\n\t\t\t<\/style><div class=\"wpforms-container wpforms-container-full wpforms-block wpforms-block-cb42dfec-2a0a-455a-96a5-12fc14d8b68e wpforms-render-modern\" id=\"wpforms-82044\"><form id=\"wpforms-form-82044\" class=\"wpforms-validate wpforms-form wpforms-ajax-form\" data-formid=\"82044\" method=\"post\" enctype=\"multipart\/form-data\" action=\"\/en\/wp-json\/wp\/v2\/pages\/3876\" data-token=\"d4e5a6c33ada5553110c044767fd8555\" data-token-time=\"1776616466\"><noscript class=\"wpforms-error-noscript\">Please enable JavaScript in your browser to complete this form.<\/noscript><div id=\"wpforms-error-noscript\" style=\"display: none;\">Please enable JavaScript in your browser to complete this form.<\/div><div class=\"wpforms-field-container\">\t\t<div id=\"wpforms-82044-field_5-container\"\n\t\t\tclass=\"wpforms-field wpforms-field-text\"\n\t\t\tdata-field-type=\"text\"\n\t\t\tdata-field-id=\"5\"\n\t\t\t>\n\t\t\t<label class=\"wpforms-field-label\" for=\"wpforms-82044-field_5\" >Nombre aqu\u00ed mensaje<\/label>\n\t\t\t<input type=\"text\" id=\"wpforms-82044-field_5\" class=\"wpforms-field-medium\" name=\"wpforms[fields][5]\" >\n\t\t<\/div>\n\t\t<div id=\"wpforms-82044-field_1-container\" class=\"wpforms-field wpforms-field-name\" data-field-id=\"1\"><label class=\"wpforms-field-label\" for=\"wpforms-82044-field_1\">Nombre <span class=\"wpforms-required-label\" aria-hidden=\"true\">*<\/span><\/label><input type=\"text\" id=\"wpforms-82044-field_1\" class=\"wpforms-field-medium wpforms-field-required\" name=\"wpforms[fields][1]\" aria-errormessage=\"wpforms-82044-field_1-error\" required><\/div><div id=\"wpforms-82044-field_2-container\" class=\"wpforms-field wpforms-field-email\" data-field-id=\"2\"><label class=\"wpforms-field-label\" for=\"wpforms-82044-field_2\">Correo electr\u00f3nico <span class=\"wpforms-required-label\" aria-hidden=\"true\">*<\/span><\/label><input type=\"email\" id=\"wpforms-82044-field_2\" class=\"wpforms-field-medium wpforms-field-required\" name=\"wpforms[fields][2]\" spellcheck=\"false\" aria-errormessage=\"wpforms-82044-field_2-error\" required><\/div><div id=\"wpforms-82044-field_4-container\" class=\"wpforms-field wpforms-field-number\" data-field-id=\"4\"><label class=\"wpforms-field-label\" for=\"wpforms-82044-field_4\">Tel\u00e9fonoo de contacto<\/label><input type=\"number\" id=\"wpforms-82044-field_4\" class=\"wpforms-field-medium\" name=\"wpforms[fields][4]\" step=\"any\" aria-errormessage=\"wpforms-82044-field_4-error\" ><\/div><div id=\"wpforms-82044-field_3-container\" class=\"wpforms-field wpforms-field-textarea\" data-field-id=\"3\"><label class=\"wpforms-field-label\" for=\"wpforms-82044-field_3\">Escriba aqu\u00ed su mensaje<\/label><textarea id=\"wpforms-82044-field_3\" class=\"wpforms-field-medium\" name=\"wpforms[fields][3]\" aria-errormessage=\"wpforms-82044-field_3-error\" ><\/textarea><\/div><script>\n\t\t\t\t( function() {\n\t\t\t\t\tconst style = document.createElement( 'style' );\n\t\t\t\t\tstyle.appendChild( document.createTextNode( '#wpforms-82044-field_5-container { position: absolute !important; overflow: hidden !important; display: inline !important; height: 1px !important; width: 1px !important; z-index: -1000 !important; padding: 0 !important; } #wpforms-82044-field_5-container input { visibility: hidden; } #wpforms-conversational-form-page #wpforms-82044-field_5-container label { counter-increment: none; }' ) );\n\t\t\t\t\tdocument.head.appendChild( style );\n\t\t\t\t\tdocument.currentScript?.remove();\n\t\t\t\t} )();\n\t\t\t<\/script><\/div><!-- .wpforms-field-container --><div class=\"wpforms-submit-container\" ><input type=\"hidden\" name=\"wpforms[id]\" value=\"82044\"><input type=\"hidden\" name=\"page_title\" value=\"\"><input type=\"hidden\" name=\"page_url\" value=\"https:\/\/buenaventura.art\/en\/wp-json\/wp\/v2\/pages\/3876\"><input type=\"hidden\" name=\"url_referer\" value=\"\"><button type=\"submit\" name=\"wpforms[submit]\" id=\"wpforms-submit-82044\" class=\"wpforms-submit\" data-alt-text=\"Enviando...\" data-submit-text=\"Enviar\" aria-live=\"assertive\" value=\"wpforms-submit\">Enviar<\/button><img loading=\"lazy\" decoding=\"async\" src=\"https:\/\/buenaventura.art\/wp-content\/plugins\/wpforms-lite\/assets\/images\/submit-spin.svg\" class=\"wpforms-submit-spinner\" style=\"display: none;\" width=\"26\" height=\"26\" alt=\"Loading\"><\/div><\/form><\/div>  <!-- .wpforms-container --><\/div>\n\n\n\n<div class=\"wp-block-column is-layout-flow wp-block-column-is-layout-flow\">\n<iframe src=\"https:\/\/www.google.com\/maps\/embed?pb=!1m14!1m8!1m3!1d3037.958415675091!2d-3.717507!3d40.409772!3m2!1i1024!2i768!4f13.1!3m3!1m2!1s0xd4227d92c2fb365%3A0x43b6ba2669600af7!2sBuenaVentura%20%7C%20hand-painted%20wallpapers!5e0!3m2!1ses!2ses!4v1751539250657!5m2!1ses!2ses\" width=\"600\" height=\"300\" style=\"border:0;\" allowfullscreen=\"\" loading=\"lazy\" referrerpolicy=\"no-referrer-when-downgrade\"><\/iframe>\n\n\n\n<hr class=\"wp-block-separator has-alpha-channel-opacity is-style-wide\" style=\"margin-top:var(--wp--preset--spacing--70);margin-bottom:var(--wp--preset--spacing--50)\"\/>\n\n\n\n<h3 class=\"wp-block-heading\">Informaci\u00f3n adicional<\/h3>\n\n\n\n<p style=\"font-size:14px\">Direcci\u00f3n: Paseo Imperial, 8 &#8211; Madrid 28004<br \/>Tel\u00e9fono: +34 912 997 017<br \/>M\u00f3vil: +34 615 163 127<\/p>\n\n\n\n<hr class=\"wp-block-separator has-alpha-channel-opacity is-style-wide\" style=\"margin-top:var(--wp--preset--spacing--70);margin-bottom:var(--wp--preset--spacing--70)\"\/>\n<\/div>\n<\/div>\n\n\n\n<div style=\"height:189px\" aria-hidden=\"true\" class=\"wp-block-spacer\"><\/div>\n","protected":false},"excerpt":{"rendered":"<p>Si desea hacernos alguna consulta o solicitar informaci\u00f3n adicional, no dude en contactarnos a trav\u00e9s de este formulario y le responderemos en la mayor brevedad. Informaci\u00f3n adicional Direcci\u00f3n: Paseo Imperial, 8 &#8211; Madrid 28004Tel\u00e9fono: +34 912 997 017M\u00f3vil: +34 615 163 127<\/p>","protected":false},"author":1,"featured_media":0,"parent":0,"menu_order":0,"comment_status":"open","ping_status":"closed","template":"","meta":{"footnotes":""},"class_list":["post-3876","page","type-page","status-publish","hentry"],"blocksy_meta":[],"_links":{"self":[{"href":"https:\/\/buenaventura.art\/en\/wp-json\/wp\/v2\/pages\/3876","targetHints":{"allow":["GET"]}}],"collection":[{"href":"https:\/\/buenaventura.art\/en\/wp-json\/wp\/v2\/pages"}],"about":[{"href":"https:\/\/buenaventura.art\/en\/wp-json\/wp\/v2\/types\/page"}],"author":[{"embeddable":true,"href":"https:\/\/buenaventura.art\/en\/wp-json\/wp\/v2\/users\/1"}],"replies":[{"embeddable":true,"href":"https:\/\/buenaventura.art\/en\/wp-json\/wp\/v2\/comments?post=3876"}],"version-history":[{"count":22,"href":"https:\/\/buenaventura.art\/en\/wp-json\/wp\/v2\/pages\/3876\/revisions"}],"predecessor-version":[{"id":84359,"href":"https:\/\/buenaventura.art\/en\/wp-json\/wp\/v2\/pages\/3876\/revisions\/84359"}],"wp:attachment":[{"href":"https:\/\/buenaventura.art\/en\/wp-json\/wp\/v2\/media?parent=3876"}],"curies":[{"name":"wp","href":"https:\/\/api.w.org\/{rel}","templated":true}]}}